{"id":5,"date":"2025-02-07T17:00:22","date_gmt":"2025-02-07T16:00:22","guid":{"rendered":"http:\/\/les-micros-ondes.fr\/?page_id=5"},"modified":"2026-02-19T11:54:33","modified_gmt":"2026-02-19T10:54:33","slug":"les-micros-ondes","status":"publish","type":"page","link":"https:\/\/les-micros-ondes.fr\/","title":{"rendered":"les Micros Ondes"},"content":{"rendered":"\n<div class=\"wp-block-cover alignfull\" style=\"min-height:185px;aspect-ratio:unset;\"><img loading=\"lazy\" decoding=\"async\" width=\"1024\" height=\"683\" class=\"wp-block-cover__image-background wp-image-118 size-large\" alt=\"podcast\" src=\"http:\/\/les-micros-ondes.fr\/wp-content\/uploads\/2026\/02\/podcast-1024x683.jpg\" data-object-fit=\"cover\" srcset=\"https:\/\/les-micros-ondes.fr\/wp-content\/uploads\/2026\/02\/podcast-1024x683.jpg 1024w, https:\/\/les-micros-ondes.fr\/wp-content\/uploads\/2026\/02\/podcast-300x200.jpg 300w, https:\/\/les-micros-ondes.fr\/wp-content\/uploads\/2026\/02\/podcast-768x512.jpg 768w, https:\/\/les-micros-ondes.fr\/wp-content\/uploads\/2026\/02\/podcast-1536x1024.jpg 1536w, https:\/\/les-micros-ondes.fr\/wp-content\/uploads\/2026\/02\/podcast-2048x1365.jpg 2048w, https:\/\/les-micros-ondes.fr\/wp-content\/uploads\/2026\/02\/podcast-1080x720.jpg 1080w\" sizes=\"auto, (max-width: 1024px) 100vw, 1024px\" \/><span aria-hidden=\"true\" class=\"wp-block-cover__background has-accent-background-color has-background-dim-80 has-background-dim\"><\/span><div class=\"wp-block-cover__inner-container is-layout-flow wp-block-cover-is-layout-flow\">\n<div class=\"wp-block-group\"><div class=\"wp-block-group__inner-container is-layout-flow wp-block-group-is-layout-flow\">\n<h1 class=\"wp-block-heading has-text-align-center has-body-background-color has-text-color\"><\/h1>\n\n\n\n<p class=\"has-text-align-center has-body-background-color has-text-color has-large-font-size\">Les Micros Ondes invitent les silenci\u00e9s \u00e0 prendre la parole.<\/p>\n\n\n\n<hr class=\"wp-block-separator has-text-color has-accent-color has-css-opacity has-accent-background-color has-background\"\/>\n<\/div><\/div>\n<\/div><\/div>\n\n\n\n<p><strong>Les Micros Ondes<\/strong>, c\u2019est une association de cr\u00e9ation sonore et de transmission, n\u00e9e d\u2019une conviction simple : chaque voix compte.<\/p>\n\n\n\n<p>Nous donnons la parole et une visibilit\u00e9 audio \u00e0 celles et ceux qu\u2019on entend rarement.<br>\u00c0 celles et ceux qui se taisent parce qu\u2019ils pensent que leur vie n\u2019est pas int\u00e9ressante.<br>Aux personnes \u00e9loign\u00e9es de la culture, aux initiatives locales, aux \u00e9lans discrets, aux histoires ordinaires qui disent pourtant beaucoup de notre humanit\u00e9.<\/p>\n\n\n\n<p>Notre d\u00e9marche est humaniste et inclusive.<br>Nous croyons que le son est un outil puissant pour se raconter, pour se rencontrer, pour se reconna\u00eetre.<\/p>\n\n\n\n<p>\u00c0 travers la radio, le podcast et les ateliers de prise de parole, nous ouvrons l\u2019acc\u00e8s aux outils de cr\u00e9ation sonore.<br>Nous invitons \u00e0 s\u2019exprimer, \u00e0 \u00e9couter, \u00e0 cr\u00e9er.<br>\u00c0 d\u00e9couvrir l\u2019autre, \u00e0 croire qu\u2019il nous est plus proche qu\u2019on ne l\u2019imagine.<\/p>\n\n\n\n<p>Les Micros Ondes, c\u2019est un espace pour r\u00e9chauffer les voix,<br>donner du culturel l\u00e0 o\u00f9 il manque,<br>et faire circuler des paroles qui relient.<\/p>\n\n\n\n<div style=\"height:35px\" aria-hidden=\"true\" class=\"wp-block-spacer\"><\/div>\n\n\n\n<p class=\"has-normal-font-size\"><strong>\u00c9couter. Cr\u00e9er. Rencontrer.<br>Et faire entendre ceux qui, trop souvent, restent en silence.<\/strong><\/p>\n","protected":false},"excerpt":{"rendered":"<p>Les Micros Ondes, c\u2019est une association de cr\u00e9ation sonore et de transmission, n\u00e9e d\u2019une conviction simple : chaque voix compte. Nous donnons la parole et une visibilit\u00e9 audio \u00e0 celles et ceux qu\u2019on entend rarement.\u00c0 celles et ceux qui se taisent parce qu\u2019ils pensent que leur vie n\u2019est pas int\u00e9ressante.Aux personnes \u00e9loign\u00e9es de la culture,&hellip;<\/p>\n","protected":false},"author":1,"featured_media":21,"parent":0,"menu_order":0,"comment_status":"closed","ping_status":"closed","template":"","meta":{"footnotes":""},"class_list":["post-5","page","type-page","status-publish","has-post-thumbnail","hentry"],"_links":{"self":[{"href":"https:\/\/les-micros-ondes.fr\/index.php\/wp-json\/wp\/v2\/pages\/5","targetHints":{"allow":["GET"]}}],"collection":[{"href":"https:\/\/les-micros-ondes.fr\/index.php\/wp-json\/wp\/v2\/pages"}],"about":[{"href":"https:\/\/les-micros-ondes.fr\/index.php\/wp-json\/wp\/v2\/types\/page"}],"author":[{"embeddable":true,"href":"https:\/\/les-micros-ondes.fr\/index.php\/wp-json\/wp\/v2\/users\/1"}],"replies":[{"embeddable":true,"href":"https:\/\/les-micros-ondes.fr\/index.php\/wp-json\/wp\/v2\/comments?post=5"}],"version-history":[{"count":25,"href":"https:\/\/les-micros-ondes.fr\/index.php\/wp-json\/wp\/v2\/pages\/5\/revisions"}],"predecessor-version":[{"id":137,"href":"https:\/\/les-micros-ondes.fr\/index.php\/wp-json\/wp\/v2\/pages\/5\/revisions\/137"}],"wp:featuredmedia":[{"embeddable":true,"href":"https:\/\/les-micros-ondes.fr\/index.php\/wp-json\/wp\/v2\/media\/21"}],"wp:attachment":[{"href":"https:\/\/les-micros-ondes.fr\/index.php\/wp-json\/wp\/v2\/media?parent=5"}],"curies":[{"name":"wp","href":"https:\/\/api.w.org\/{rel}","templated":true}]}}